{"id":14,"date":"2013-02-12T20:48:48","date_gmt":"2013-02-12T20:48:48","guid":{"rendered":"http:\/\/www.complanmoveis.com.br\/site\/?page_id=14"},"modified":"2019-04-24T09:56:04","modified_gmt":"2019-04-24T12:56:04","slug":"institucional","status":"publish","type":"page","link":"https:\/\/complanmoveis.com.br\/site\/institucional\/","title":{"rendered":"Institucional"},"content":{"rendered":"<p><img decoding=\"async\" loading=\"lazy\" class=\"alignnone wp-image-689\" src=\"https:\/\/complanmoveis.com.br\/site\/wp-content\/uploads\/2019\/04\/foto-area-complan.jpg\" alt=\"complan-moveis-institucional\" width=\"523\" height=\"295\" \/><\/p>\n<p>A Complan M\u00f3veis Planejados\u00a0atua na fabrica\u00e7\u00e3o de m\u00f3veis desde fevereiro de 2004, cresceu gra\u00e7as ao esfor\u00e7o de seus colaboradores e confian\u00e7a de seus clientes.<\/p>\n<p><strong>Utilizando como filosofia e diferencial de trabalho,\u00a0<\/strong>a personaliza\u00e7\u00e3o, fidelidade, precis\u00e3o, qualidade e garantia nos produtos e servi\u00e7os prestados ao cliente. Nossa preocupa\u00e7\u00e3o \u00e9 com a satisfa\u00e7\u00e3o total dos parceiros, sempre garantindo o melhor poss\u00edvel do atendimento, assist\u00eancia, suporte e qualidade dos produtos fabricados.<\/p>\n<p><strong>Atendimento ao cliente<\/strong>\u00a0com representantes qualificados desde a venda \u00e0 entrega final.<\/p>\n<p><strong>FILOSOFIA DE TRABALHO<\/strong><\/p>\n<div><strong>.\u00a0<\/strong>Padr\u00e3o em qualidade<\/div>\n<div>. Efici\u00eancia no atendimento<\/div>\n<div>. Rapidez na entrega<\/div>\n<div>. Garantia de seriedade<\/div>\n<div>\n<p>Complan M\u00f3veis Planejados seu m\u00f3vel com qualidade e bom gosto.<\/p>\n<\/div>\n","protected":false},"excerpt":{"rendered":"<p>A Complan M\u00f3veis Planejados\u00a0atua na fabrica\u00e7\u00e3o de m\u00f3veis desde fevereiro de 2004, cresceu gra\u00e7as ao esfor\u00e7o de seus colaboradores e confian\u00e7a de seus clientes. Utilizando como filosofia e diferencial de trabalho,\u00a0a personaliza\u00e7\u00e3o, fidelidade, precis\u00e3o, qualidade e garantia nos produtos e servi\u00e7os prestados ao cliente. Nossa preocupa\u00e7\u00e3o \u00e9 com a satisfa\u00e7\u00e3o [&hellip;]<\/p>\n","protected":false},"author":3,"featured_media":0,"parent":0,"menu_order":0,"comment_status":"open","ping_status":"open","template":"","meta":{"footnotes":""},"yoast_head":"<!-- This site is optimized with the Yoast SEO plugin v21.1 - https:\/\/yoast.com\/wordpress\/plugins\/seo\/ -->\n<title>Institucional - Complan M\u00f3veis Planejados<\/title>\n<meta name=\"robots\" content=\"index, follow, max-snippet:-1, max-image-preview:large, max-video-preview:-1\" \/>\n<link rel=\"canonical\" href=\"https:\/\/complanmoveis.com.br\/site\/institucional\/\" \/>\n<meta property=\"og:locale\" content=\"pt_BR\" \/>\n<meta property=\"og:type\" content=\"article\" \/>\n<meta property=\"og:title\" content=\"Institucional - Complan M\u00f3veis Planejados\" \/>\n<meta property=\"og:description\" content=\"A Complan M\u00f3veis Planejados\u00a0atua na fabrica\u00e7\u00e3o de m\u00f3veis desde fevereiro de 2004, cresceu gra\u00e7as ao esfor\u00e7o de seus colaboradores e confian\u00e7a de seus clientes. Utilizando como filosofia e diferencial de trabalho,\u00a0a personaliza\u00e7\u00e3o, fidelidade, precis\u00e3o, qualidade e garantia nos produtos e servi\u00e7os prestados ao cliente. Nossa preocupa\u00e7\u00e3o \u00e9 com a satisfa\u00e7\u00e3o [&hellip;]\" \/>\n<meta property=\"og:url\" content=\"https:\/\/complanmoveis.com.br\/site\/institucional\/\" \/>\n<meta property=\"og:site_name\" content=\"Complan M\u00f3veis Planejados\" \/>\n<meta property=\"article:modified_time\" content=\"2019-04-24T12:56:04+00:00\" \/>\n<meta property=\"og:image\" content=\"https:\/\/complanmoveis.com.br\/site\/wp-content\/uploads\/2019\/04\/foto-area-complan.jpg\" \/>\n<meta name=\"twitter:card\" content=\"summary_large_image\" \/>\n<meta name=\"twitter:label1\" content=\"Est. tempo de leitura\" \/>\n\t<meta name=\"twitter:data1\" content=\"1 minuto\" \/>\n<script type=\"application\/ld+json\" class=\"yoast-schema-graph\">{\"@context\":\"https:\/\/schema.org\",\"@graph\":[{\"@type\":\"WebPage\",\"@id\":\"https:\/\/complanmoveis.com.br\/site\/institucional\/\",\"url\":\"https:\/\/complanmoveis.com.br\/site\/institucional\/\",\"name\":\"Institucional - Complan M\u00f3veis Planejados\",\"isPartOf\":{\"@id\":\"https:\/\/complanmoveis.com.br\/site\/#website\"},\"datePublished\":\"2013-02-12T20:48:48+00:00\",\"dateModified\":\"2019-04-24T12:56:04+00:00\",\"breadcrumb\":{\"@id\":\"https:\/\/complanmoveis.com.br\/site\/institucional\/#breadcrumb\"},\"inLanguage\":\"pt-BR\",\"potentialAction\":[{\"@type\":\"ReadAction\",\"target\":[\"https:\/\/complanmoveis.com.br\/site\/institucional\/\"]}]},{\"@type\":\"BreadcrumbList\",\"@id\":\"https:\/\/complanmoveis.com.br\/site\/institucional\/#breadcrumb\",\"itemListElement\":[{\"@type\":\"ListItem\",\"position\":1,\"name\":\"In\u00edcio\",\"item\":\"https:\/\/complanmoveis.com.br\/site\/\"},{\"@type\":\"ListItem\",\"position\":2,\"name\":\"Institucional\"}]},{\"@type\":\"WebSite\",\"@id\":\"https:\/\/complanmoveis.com.br\/site\/#website\",\"url\":\"https:\/\/complanmoveis.com.br\/site\/\",\"name\":\"Complan M\u00f3veis Planejados - Fabrica\u00e7\u00e3o de M\u00f3veis\",\"description\":\"Fabrica\u00e7\u00e3o de M\u00f3veis\",\"publisher\":{\"@id\":\"https:\/\/complanmoveis.com.br\/site\/#organization\"},\"potentialAction\":[{\"@type\":\"SearchAction\",\"target\":{\"@type\":\"EntryPoint\",\"urlTemplate\":\"https:\/\/complanmoveis.com.br\/site\/?s={search_term_string}\"},\"query-input\":\"required name=search_term_string\"}],\"inLanguage\":\"pt-BR\"},{\"@type\":\"Organization\",\"@id\":\"https:\/\/complanmoveis.com.br\/site\/#organization\",\"name\":\"Complan M\u00f3veis Planejados\",\"url\":\"https:\/\/complanmoveis.com.br\/site\/\",\"logo\":{\"@type\":\"ImageObject\",\"inLanguage\":\"pt-BR\",\"@id\":\"https:\/\/complanmoveis.com.br\/site\/#\/schema\/logo\/image\/\",\"url\":\"https:\/\/complanmoveis.com.br\/site\/wp-content\/uploads\/2013\/02\/logo_complan_site.png\",\"contentUrl\":\"https:\/\/complanmoveis.com.br\/site\/wp-content\/uploads\/2013\/02\/logo_complan_site.png\",\"width\":296,\"height\":119,\"caption\":\"Complan M\u00f3veis Planejados\"},\"image\":{\"@id\":\"https:\/\/complanmoveis.com.br\/site\/#\/schema\/logo\/image\/\"}}]}<\/script>\n<!-- \/ Yoast SEO plugin. -->","yoast_head_json":{"title":"Institucional - Complan M\u00f3veis Planejados","robots":{"index":"index","follow":"follow","max-snippet":"max-snippet:-1","max-image-preview":"max-image-preview:large","max-video-preview":"max-video-preview:-1"},"canonical":"https:\/\/complanmoveis.com.br\/site\/institucional\/","og_locale":"pt_BR","og_type":"article","og_title":"Institucional - Complan M\u00f3veis Planejados","og_description":"A Complan M\u00f3veis Planejados\u00a0atua na fabrica\u00e7\u00e3o de m\u00f3veis desde fevereiro de 2004, cresceu gra\u00e7as ao esfor\u00e7o de seus colaboradores e confian\u00e7a de seus clientes. Utilizando como filosofia e diferencial de trabalho,\u00a0a personaliza\u00e7\u00e3o, fidelidade, precis\u00e3o, qualidade e garantia nos produtos e servi\u00e7os prestados ao cliente. Nossa preocupa\u00e7\u00e3o \u00e9 com a satisfa\u00e7\u00e3o [&hellip;]","og_url":"https:\/\/complanmoveis.com.br\/site\/institucional\/","og_site_name":"Complan M\u00f3veis Planejados","article_modified_time":"2019-04-24T12:56:04+00:00","og_image":[{"url":"https:\/\/complanmoveis.com.br\/site\/wp-content\/uploads\/2019\/04\/foto-area-complan.jpg"}],"twitter_card":"summary_large_image","twitter_misc":{"Est. tempo de leitura":"1 minuto"},"schema":{"@context":"https:\/\/schema.org","@graph":[{"@type":"WebPage","@id":"https:\/\/complanmoveis.com.br\/site\/institucional\/","url":"https:\/\/complanmoveis.com.br\/site\/institucional\/","name":"Institucional - Complan M\u00f3veis Planejados","isPartOf":{"@id":"https:\/\/complanmoveis.com.br\/site\/#website"},"datePublished":"2013-02-12T20:48:48+00:00","dateModified":"2019-04-24T12:56:04+00:00","breadcrumb":{"@id":"https:\/\/complanmoveis.com.br\/site\/institucional\/#breadcrumb"},"inLanguage":"pt-BR","potentialAction":[{"@type":"ReadAction","target":["https:\/\/complanmoveis.com.br\/site\/institucional\/"]}]},{"@type":"BreadcrumbList","@id":"https:\/\/complanmoveis.com.br\/site\/institucional\/#breadcrumb","itemListElement":[{"@type":"ListItem","position":1,"name":"In\u00edcio","item":"https:\/\/complanmoveis.com.br\/site\/"},{"@type":"ListItem","position":2,"name":"Institucional"}]},{"@type":"WebSite","@id":"https:\/\/complanmoveis.com.br\/site\/#website","url":"https:\/\/complanmoveis.com.br\/site\/","name":"Complan M\u00f3veis Planejados - Fabrica\u00e7\u00e3o de M\u00f3veis","description":"Fabrica\u00e7\u00e3o de M\u00f3veis","publisher":{"@id":"https:\/\/complanmoveis.com.br\/site\/#organization"},"potentialAction":[{"@type":"SearchAction","target":{"@type":"EntryPoint","urlTemplate":"https:\/\/complanmoveis.com.br\/site\/?s={search_term_string}"},"query-input":"required name=search_term_string"}],"inLanguage":"pt-BR"},{"@type":"Organization","@id":"https:\/\/complanmoveis.com.br\/site\/#organization","name":"Complan M\u00f3veis Planejados","url":"https:\/\/complanmoveis.com.br\/site\/","logo":{"@type":"ImageObject","inLanguage":"pt-BR","@id":"https:\/\/complanmoveis.com.br\/site\/#\/schema\/logo\/image\/","url":"https:\/\/complanmoveis.com.br\/site\/wp-content\/uploads\/2013\/02\/logo_complan_site.png","contentUrl":"https:\/\/complanmoveis.com.br\/site\/wp-content\/uploads\/2013\/02\/logo_complan_site.png","width":296,"height":119,"caption":"Complan M\u00f3veis Planejados"},"image":{"@id":"https:\/\/complanmoveis.com.br\/site\/#\/schema\/logo\/image\/"}}]}},"_links":{"self":[{"href":"https:\/\/complanmoveis.com.br\/site\/wp-json\/wp\/v2\/pages\/14"}],"collection":[{"href":"https:\/\/complanmoveis.com.br\/site\/wp-json\/wp\/v2\/pages"}],"about":[{"href":"https:\/\/complanmoveis.com.br\/site\/wp-json\/wp\/v2\/types\/page"}],"author":[{"embeddable":true,"href":"https:\/\/complanmoveis.com.br\/site\/wp-json\/wp\/v2\/users\/3"}],"replies":[{"embeddable":true,"href":"https:\/\/complanmoveis.com.br\/site\/wp-json\/wp\/v2\/comments?post=14"}],"version-history":[{"count":10,"href":"https:\/\/complanmoveis.com.br\/site\/wp-json\/wp\/v2\/pages\/14\/revisions"}],"predecessor-version":[{"id":869,"href":"https:\/\/complanmoveis.com.br\/site\/wp-json\/wp\/v2\/pages\/14\/revisions\/869"}],"wp:attachment":[{"href":"https:\/\/complanmoveis.com.br\/site\/wp-json\/wp\/v2\/media?parent=14"}],"curies":[{"name":"wp","href":"https:\/\/api.w.org\/{rel}","templated":true}]}}