{"id":147,"date":"2013-04-11T13:13:56","date_gmt":"2013-04-11T16:13:56","guid":{"rendered":"http:\/\/www.complanmoveis.com.br\/site\/?page_id=147"},"modified":"2015-06-25T15:41:33","modified_gmt":"2015-06-25T18:41:33","slug":"galeria-de-imagens-2","status":"publish","type":"page","link":"https:\/\/complanmoveis.com.br\/site\/galeria-de-imagens-2\/","title":{"rendered":"Galeria de Imagens"},"content":{"rendered":"<div id=\"69dc1f8ad4858\" class=\"gg_gallery_wrap gg_collection_wrap cid_4\" rel=\"4\" data-ggom_fx=\"\" data-ggom_timing=\"300\">  <table class=\"gg_coll_table\">  <tr><td class=\"gg_coll_table_cell gg_coll_table_first_cell\"><div id=\"ggco_4\" class=\"gg_coll_outer_container  gg_hidden_ol gg_ol_bottom_mode gg_main_ol_show_on_h\" data-gg_ol=\"default\"><div class=\"gg_container gg_coll_container\"><div class=\"gg_loader\">  <div class=\"ggl_1\"><\/div>  <div class=\"ggl_2\"><\/div>  <div class=\"ggl_3\"><\/div>  <div class=\"ggl_4\"><\/div><\/div>  <div class=\"gg_coll_img_wrap \">  <div class=\"gg_img gg_coll_img \" rel=\"170\" data-gall-data=\"eyJpZCI6MTcwLCJyYW5kIjowLCJmaWx0ZXJzIjowLCJ3bWFyayI6MX0=\" style=\"padding-bottom: 150px\" >  <div class=\"gg_main_img_wrap\">  <div class=\"gg_img_wrap_inner\">  <img src=\"\" data-gg-lazy-src=\"\/\/complanmoveis.com.br\/site\/wp-content\/uploads\/ewpt_cache\/327x150_100_1_c_FFFFFF_9b6a1013a55e95249d8ac03a6b622630_9150bfef089ade3afd6b3c559b58e8e9_95_rb_80_30px_0.jpg\" alt=\"Cozinhas\" class=\"gg_photo gg_main_thumb\" \/>  <noscript><img src=\"\/home\/complan\/public_html\/site\/wp-content\/uploads\/gg_watermarked\/9150bfef089ade3afd6b3c559b58e8e9_95_rb_80_30px_0.jpg\" alt=\"Cozinhas\" \/><\/noscript>  <\/div>  <\/div>  <div class=\"gg_overlays\"><\/div>  <\/div>  <div class=\"gg_main_overlay_under\"><div class=\"gg_img_title_under\">Cozinhas<\/div><\/div>  <\/div>  <div class=\"gg_coll_img_wrap \">  <div class=\"gg_img gg_coll_img \" rel=\"173\" data-gall-data=\"eyJpZCI6MTczLCJyYW5kIjowLCJmaWx0ZXJzIjowLCJ3bWFyayI6MX0=\" style=\"padding-bottom: 150px\" >  <div class=\"gg_main_img_wrap\">  <div class=\"gg_img_wrap_inner\">  <img src=\"\" data-gg-lazy-src=\"\/\/complanmoveis.com.br\/site\/wp-content\/uploads\/ewpt_cache\/327x150_100_1_c_FFFFFF_4f2d38bfd7e47fe4fd6889b4fb437e5d_18e6fe9ef50737608f5152ae5eb9b580_95_rb_80_30px_0.jpg\" alt=\"Quartos e Closets\" class=\"gg_photo gg_main_thumb\" \/>  <noscript><img src=\"\/home\/complan\/public_html\/site\/wp-content\/uploads\/gg_watermarked\/18e6fe9ef50737608f5152ae5eb9b580_95_rb_80_30px_0.jpg\" alt=\"Quartos e Closets\" \/><\/noscript>  <\/div>  <\/div>  <div class=\"gg_overlays\"><\/div>  <\/div>  <div class=\"gg_main_overlay_under\"><div class=\"gg_img_title_under\">Quartos e Closets<\/div><\/div>  <\/div>  <div class=\"gg_coll_img_wrap \">  <div class=\"gg_img gg_coll_img \" rel=\"179\" data-gall-data=\"eyJpZCI6MTc5LCJyYW5kIjowLCJmaWx0ZXJzIjowLCJ3bWFyayI6MX0=\" style=\"padding-bottom: 150px\" >  <div class=\"gg_main_img_wrap\">  <div class=\"gg_img_wrap_inner\">  <img src=\"\" data-gg-lazy-src=\"\/\/complanmoveis.com.br\/site\/wp-content\/uploads\/ewpt_cache\/327x150_100_1_c_FFFFFF_c4b65c64e3aefd4956ef8ac93b9e860f_9fb784933ae614bc825053359deb8428_95_rb_80_30px_0.jpg\" alt=\"Banheiros\" class=\"gg_photo gg_main_thumb\" \/>  <noscript><img src=\"\/home\/complan\/public_html\/site\/wp-content\/uploads\/gg_watermarked\/9fb784933ae614bc825053359deb8428_95_rb_80_30px_0.jpg\" alt=\"Banheiros\" \/><\/noscript>  <\/div>  <\/div>  <div class=\"gg_overlays\"><\/div>  <\/div>  <div class=\"gg_main_overlay_under\"><div class=\"gg_img_title_under\">Banheiros<\/div><\/div>  <\/div>  <div class=\"gg_coll_img_wrap \">  <div class=\"gg_img gg_coll_img \" rel=\"180\" data-gall-data=\"eyJpZCI6MTgwLCJyYW5kIjowLCJmaWx0ZXJzIjowLCJ3bWFyayI6MX0=\" style=\"padding-bottom: 150px\" >  <div class=\"gg_main_img_wrap\">  <div class=\"gg_img_wrap_inner\">  <img src=\"\" data-gg-lazy-src=\"\/\/complanmoveis.com.br\/site\/wp-content\/uploads\/ewpt_cache\/327x150_100_1_c_FFFFFF_8af06a74cc593fab58a5e6560c265a35_854c45c091afa749e114d32c8959edd2_95_rb_80_30px_0.png\" alt=\"Salas\" class=\"gg_photo gg_main_thumb\" \/>  <noscript><img src=\"\/home\/complan\/public_html\/site\/wp-content\/uploads\/gg_watermarked\/854c45c091afa749e114d32c8959edd2_95_rb_80_30px_0.png\" alt=\"Salas\" \/><\/noscript>  <\/div>  <\/div>  <div class=\"gg_overlays\"><\/div>  <\/div>  <div class=\"gg_main_overlay_under\"><div class=\"gg_img_title_under\">Salas<\/div><\/div>  <\/div>  <div class=\"gg_coll_img_wrap \">  <div class=\"gg_img gg_coll_img \" rel=\"210\" data-gall-data=\"eyJpZCI6MjEwLCJyYW5kIjowLCJmaWx0ZXJzIjowLCJ3bWFyayI6MX0=\" style=\"padding-bottom: 150px\" >  <div class=\"gg_main_img_wrap\">  <div class=\"gg_img_wrap_inner\">  <img src=\"\" data-gg-lazy-src=\"\/\/complanmoveis.com.br\/site\/wp-content\/uploads\/ewpt_cache\/327x150_100_1_c_FFFFFF_5dfd611b54d4b7ff9598191d76d0a8d0_42862f9f39f69d101842471ff8d310e5_95_rb_80_30px_0.jpg\" alt=\"M\u00f3veis Comerciais\" class=\"gg_photo gg_main_thumb\" \/>  <noscript><img src=\"\/home\/complan\/public_html\/site\/wp-content\/uploads\/gg_watermarked\/42862f9f39f69d101842471ff8d310e5_95_rb_80_30px_0.jpg\" alt=\"M\u00f3veis Comerciais\" \/><\/noscript>  <\/div>  <\/div>  <div class=\"gg_overlays\"><\/div>  <\/div>  <div class=\"gg_main_overlay_under\"><div class=\"gg_img_title_under\">M\u00f3veis Comerciais<\/div><\/div>  <\/div>  <div class=\"gg_coll_img_wrap \">  <div class=\"gg_img gg_coll_img \" rel=\"238\" data-gall-data=\"eyJpZCI6MjM4LCJyYW5kIjowLCJmaWx0ZXJzIjowLCJ3bWFyayI6MX0=\" style=\"padding-bottom: 150px\" >  <div class=\"gg_main_img_wrap\">  <div class=\"gg_img_wrap_inner\">  <img src=\"\" data-gg-lazy-src=\"\/\/complanmoveis.com.br\/site\/wp-content\/uploads\/ewpt_cache\/327x150_100_1_c_FFFFFF_54e8f01fddfd1267e8c36f0c38f6370c_d4dfd6de0e01eab394fe347041537e6d_95_rb_80_30px_0.jpg\" alt=\"Escrit\u00f3rios\" class=\"gg_photo gg_main_thumb\" \/>  <noscript><img src=\"\/home\/complan\/public_html\/site\/wp-content\/uploads\/gg_watermarked\/d4dfd6de0e01eab394fe347041537e6d_95_rb_80_30px_0.jpg\" alt=\"Escrit\u00f3rios\" \/><\/noscript>  <\/div>  <\/div>  <div class=\"gg_overlays\"><\/div>  <\/div>  <div class=\"gg_main_overlay_under\"><div class=\"gg_img_title_under\">Escrit\u00f3rios<\/div><\/div>  <\/div>  <div class=\"gg_coll_img_wrap \">  <div class=\"gg_img gg_coll_img \" rel=\"551\" data-gall-data=\"eyJpZCI6NTUxLCJyYW5kIjowLCJmaWx0ZXJzIjowLCJ3bWFyayI6MX0=\" style=\"padding-bottom: 150px\" >  <div class=\"gg_main_img_wrap\">  <div class=\"gg_img_wrap_inner\">  <img src=\"\" data-gg-lazy-src=\"\/\/complanmoveis.com.br\/site\/wp-content\/uploads\/ewpt_cache\/327x150_100_1_c_FFFFFF_454a65cca543f02feb68324cc3706c6d_123fff6b7c5112689573be30f08f23ea_95_rb_80_30px_0.jpg\" alt=\"\u00c1rea Gourmet\" class=\"gg_photo gg_main_thumb\" \/>  <noscript><img src=\"\/home\/complan\/public_html\/site\/wp-content\/uploads\/gg_watermarked\/123fff6b7c5112689573be30f08f23ea_95_rb_80_30px_0.jpg\" alt=\"\u00c1rea Gourmet\" \/><\/noscript>  <\/div>  <\/div>  <div class=\"gg_overlays\"><\/div>  <\/div>  <div class=\"gg_main_overlay_under\"><div class=\"gg_img_title_under\">\u00c1rea Gourmet<\/div><\/div>  <\/div>  <div class=\"gg_coll_img_wrap \">  <div class=\"gg_img gg_coll_img \" rel=\"828\" data-gall-data=\"eyJpZCI6ODI4LCJyYW5kIjowLCJmaWx0ZXJzIjowLCJ3bWFyayI6MX0=\" style=\"padding-bottom: 150px\" >  <div class=\"gg_main_img_wrap\">  <div class=\"gg_img_wrap_inner\">  <img src=\"\" data-gg-lazy-src=\"\/\/complanmoveis.com.br\/site\/wp-content\/uploads\/ewpt_cache\/327x150_100_1_c_FFFFFF_3818dd8463d72eb54c2875c7a58e5fd3_d8fd194bccc45a3632a24b9033b72581_95_rb_80_30px_0.jpg\" alt=\"Mesa de Centro\" class=\"gg_photo gg_main_thumb\" \/>  <noscript><img src=\"\/home\/complan\/public_html\/site\/wp-content\/uploads\/gg_watermarked\/d8fd194bccc45a3632a24b9033b72581_95_rb_80_30px_0.jpg\" alt=\"Mesa de Centro\" \/><\/noscript>  <\/div>  <\/div>  <div class=\"gg_overlays\"><\/div>  <\/div>  <div class=\"gg_main_overlay_under\"><div class=\"gg_img_title_under\">Mesa de Centro<\/div><\/div>  <\/div><\/div><\/div><\/td><td class=\"gg_coll_table_cell\"><div class=\"gg_coll_gallery_container\">   <span id=\"gg_cgb_69dc1f8ad4858\" class=\"gg_coll_go_back gg_coll_back_to_new_style\"><i class=\"fa fa-caret-left\" aria-hidden=\"true\"><\/i> Voltar<\/span>   <div class=\"gg_gallery_wrap\"><\/div><\/div><\/td><\/tr><\/table><div style=\"clear: both;\"><\/div><\/div><script type=\"text\/javascript\"> jQuery(document).ready(function($) { if(typeof(gg_galleries_init) == \"function\") {gg_galleries_init(\"69dc1f8ad4858\");}});<\/script>\n","protected":false},"excerpt":{"rendered":"","protected":false},"author":3,"featured_media":0,"parent":0,"menu_order":0,"comment_status":"open","ping_status":"open","template":"template-full-width.php","meta":{"footnotes":""},"yoast_head":"<!-- This site is optimized with the Yoast SEO plugin v21.1 - https:\/\/yoast.com\/wordpress\/plugins\/seo\/ -->\n<title>Galeria de Imagens - Complan M\u00f3veis Planejados<\/title>\n<meta name=\"robots\" content=\"index, follow, max-snippet:-1, max-image-preview:large, max-video-preview:-1\" \/>\n<link rel=\"canonical\" href=\"https:\/\/complanmoveis.com.br\/site\/galeria-de-imagens-2\/\" \/>\n<meta property=\"og:locale\" content=\"pt_BR\" \/>\n<meta property=\"og:type\" content=\"article\" \/>\n<meta property=\"og:title\" content=\"Galeria de Imagens - Complan M\u00f3veis Planejados\" \/>\n<meta property=\"og:url\" content=\"https:\/\/complanmoveis.com.br\/site\/galeria-de-imagens-2\/\" \/>\n<meta property=\"og:site_name\" content=\"Complan M\u00f3veis Planejados\" \/>\n<meta property=\"article:modified_time\" content=\"2015-06-25T18:41:33+00:00\" \/>\n<meta name=\"twitter:card\" content=\"summary_large_image\" \/>\n<script type=\"application\/ld+json\" class=\"yoast-schema-graph\">{\"@context\":\"https:\/\/schema.org\",\"@graph\":[{\"@type\":\"WebPage\",\"@id\":\"https:\/\/complanmoveis.com.br\/site\/galeria-de-imagens-2\/\",\"url\":\"https:\/\/complanmoveis.com.br\/site\/galeria-de-imagens-2\/\",\"name\":\"Galeria de Imagens - Complan M\u00f3veis Planejados\",\"isPartOf\":{\"@id\":\"https:\/\/complanmoveis.com.br\/site\/#website\"},\"datePublished\":\"2013-04-11T16:13:56+00:00\",\"dateModified\":\"2015-06-25T18:41:33+00:00\",\"breadcrumb\":{\"@id\":\"https:\/\/complanmoveis.com.br\/site\/galeria-de-imagens-2\/#breadcrumb\"},\"inLanguage\":\"pt-BR\",\"potentialAction\":[{\"@type\":\"ReadAction\",\"target\":[\"https:\/\/complanmoveis.com.br\/site\/galeria-de-imagens-2\/\"]}]},{\"@type\":\"BreadcrumbList\",\"@id\":\"https:\/\/complanmoveis.com.br\/site\/galeria-de-imagens-2\/#breadcrumb\",\"itemListElement\":[{\"@type\":\"ListItem\",\"position\":1,\"name\":\"In\u00edcio\",\"item\":\"https:\/\/complanmoveis.com.br\/site\/\"},{\"@type\":\"ListItem\",\"position\":2,\"name\":\"Galeria de Imagens\"}]},{\"@type\":\"WebSite\",\"@id\":\"https:\/\/complanmoveis.com.br\/site\/#website\",\"url\":\"https:\/\/complanmoveis.com.br\/site\/\",\"name\":\"Complan M\u00f3veis Planejados - Fabrica\u00e7\u00e3o de M\u00f3veis\",\"description\":\"Fabrica\u00e7\u00e3o de M\u00f3veis\",\"publisher\":{\"@id\":\"https:\/\/complanmoveis.com.br\/site\/#organization\"},\"potentialAction\":[{\"@type\":\"SearchAction\",\"target\":{\"@type\":\"EntryPoint\",\"urlTemplate\":\"https:\/\/complanmoveis.com.br\/site\/?s={search_term_string}\"},\"query-input\":\"required name=search_term_string\"}],\"inLanguage\":\"pt-BR\"},{\"@type\":\"Organization\",\"@id\":\"https:\/\/complanmoveis.com.br\/site\/#organization\",\"name\":\"Complan M\u00f3veis Planejados\",\"url\":\"https:\/\/complanmoveis.com.br\/site\/\",\"logo\":{\"@type\":\"ImageObject\",\"inLanguage\":\"pt-BR\",\"@id\":\"https:\/\/complanmoveis.com.br\/site\/#\/schema\/logo\/image\/\",\"url\":\"https:\/\/complanmoveis.com.br\/site\/wp-content\/uploads\/2013\/02\/logo_complan_site.png\",\"contentUrl\":\"https:\/\/complanmoveis.com.br\/site\/wp-content\/uploads\/2013\/02\/logo_complan_site.png\",\"width\":296,\"height\":119,\"caption\":\"Complan M\u00f3veis Planejados\"},\"image\":{\"@id\":\"https:\/\/complanmoveis.com.br\/site\/#\/schema\/logo\/image\/\"}}]}<\/script>\n<!-- \/ Yoast SEO plugin. -->","yoast_head_json":{"title":"Galeria de Imagens - Complan M\u00f3veis Planejados","robots":{"index":"index","follow":"follow","max-snippet":"max-snippet:-1","max-image-preview":"max-image-preview:large","max-video-preview":"max-video-preview:-1"},"canonical":"https:\/\/complanmoveis.com.br\/site\/galeria-de-imagens-2\/","og_locale":"pt_BR","og_type":"article","og_title":"Galeria de Imagens - Complan M\u00f3veis Planejados","og_url":"https:\/\/complanmoveis.com.br\/site\/galeria-de-imagens-2\/","og_site_name":"Complan M\u00f3veis Planejados","article_modified_time":"2015-06-25T18:41:33+00:00","twitter_card":"summary_large_image","schema":{"@context":"https:\/\/schema.org","@graph":[{"@type":"WebPage","@id":"https:\/\/complanmoveis.com.br\/site\/galeria-de-imagens-2\/","url":"https:\/\/complanmoveis.com.br\/site\/galeria-de-imagens-2\/","name":"Galeria de Imagens - Complan M\u00f3veis Planejados","isPartOf":{"@id":"https:\/\/complanmoveis.com.br\/site\/#website"},"datePublished":"2013-04-11T16:13:56+00:00","dateModified":"2015-06-25T18:41:33+00:00","breadcrumb":{"@id":"https:\/\/complanmoveis.com.br\/site\/galeria-de-imagens-2\/#breadcrumb"},"inLanguage":"pt-BR","potentialAction":[{"@type":"ReadAction","target":["https:\/\/complanmoveis.com.br\/site\/galeria-de-imagens-2\/"]}]},{"@type":"BreadcrumbList","@id":"https:\/\/complanmoveis.com.br\/site\/galeria-de-imagens-2\/#breadcrumb","itemListElement":[{"@type":"ListItem","position":1,"name":"In\u00edcio","item":"https:\/\/complanmoveis.com.br\/site\/"},{"@type":"ListItem","position":2,"name":"Galeria de Imagens"}]},{"@type":"WebSite","@id":"https:\/\/complanmoveis.com.br\/site\/#website","url":"https:\/\/complanmoveis.com.br\/site\/","name":"Complan M\u00f3veis Planejados - Fabrica\u00e7\u00e3o de M\u00f3veis","description":"Fabrica\u00e7\u00e3o de M\u00f3veis","publisher":{"@id":"https:\/\/complanmoveis.com.br\/site\/#organization"},"potentialAction":[{"@type":"SearchAction","target":{"@type":"EntryPoint","urlTemplate":"https:\/\/complanmoveis.com.br\/site\/?s={search_term_string}"},"query-input":"required name=search_term_string"}],"inLanguage":"pt-BR"},{"@type":"Organization","@id":"https:\/\/complanmoveis.com.br\/site\/#organization","name":"Complan M\u00f3veis Planejados","url":"https:\/\/complanmoveis.com.br\/site\/","logo":{"@type":"ImageObject","inLanguage":"pt-BR","@id":"https:\/\/complanmoveis.com.br\/site\/#\/schema\/logo\/image\/","url":"https:\/\/complanmoveis.com.br\/site\/wp-content\/uploads\/2013\/02\/logo_complan_site.png","contentUrl":"https:\/\/complanmoveis.com.br\/site\/wp-content\/uploads\/2013\/02\/logo_complan_site.png","width":296,"height":119,"caption":"Complan M\u00f3veis Planejados"},"image":{"@id":"https:\/\/complanmoveis.com.br\/site\/#\/schema\/logo\/image\/"}}]}},"_links":{"self":[{"href":"https:\/\/complanmoveis.com.br\/site\/wp-json\/wp\/v2\/pages\/147"}],"collection":[{"href":"https:\/\/complanmoveis.com.br\/site\/wp-json\/wp\/v2\/pages"}],"about":[{"href":"https:\/\/complanmoveis.com.br\/site\/wp-json\/wp\/v2\/types\/page"}],"author":[{"embeddable":true,"href":"https:\/\/complanmoveis.com.br\/site\/wp-json\/wp\/v2\/users\/3"}],"replies":[{"embeddable":true,"href":"https:\/\/complanmoveis.com.br\/site\/wp-json\/wp\/v2\/comments?post=147"}],"version-history":[{"count":10,"href":"https:\/\/complanmoveis.com.br\/site\/wp-json\/wp\/v2\/pages\/147\/revisions"}],"predecessor-version":[{"id":177,"href":"https:\/\/complanmoveis.com.br\/site\/wp-json\/wp\/v2\/pages\/147\/revisions\/177"}],"wp:attachment":[{"href":"https:\/\/complanmoveis.com.br\/site\/wp-json\/wp\/v2\/media?parent=147"}],"curies":[{"name":"wp","href":"https:\/\/api.w.org\/{rel}","templated":true}]}}