{"id":18,"date":"2013-02-12T20:50:47","date_gmt":"2013-02-12T20:50:47","guid":{"rendered":"http:\/\/www.complanmoveis.com.br\/site\/?page_id=18"},"modified":"2018-06-04T17:20:20","modified_gmt":"2018-06-04T20:20:20","slug":"fale-conosco","status":"publish","type":"page","link":"https:\/\/complanmoveis.com.br\/site\/fale-conosco\/","title":{"rendered":"Fale Conosco"},"content":{"rendered":"<h3>Informa\u00e7\u00f5es para contato:<\/h3>\n<div class=\"threecol-one\"><strong>Endere\u00e7o:<\/strong><br \/>\nRua Volunt\u00e1rios da P\u00e1tria, 102 &#8211; Centro<br \/>\nCEP 87225-000<\/div>\n<div class=\"threecol-one\"><strong>Telefones:<\/strong><br \/>\n44 3635-1303<br \/>\n44 99832-0154<br \/>\n44 99832-0079<br \/>\n<\/div>\n<div class=\"threecol-one last\"><strong>E-mail:<\/strong> contato@complanmoveis.com.br<\/div>\n<p>&nbsp;<\/p>\n<h3 style=\"margin-top: 50px;\">Preencha o formul\u00e1rio abaixo e envie sua mensagem:<\/h3>\n<div class=\"wpcf7 no-js\" id=\"wpcf7-f47-o1\" lang=\"en-US\" dir=\"ltr\">\n<div class=\"screen-reader-response\"><p role=\"status\" aria-live=\"polite\" aria-atomic=\"true\"><\/p> <ul><\/ul><\/div>\n<form action=\"\/site\/wp-json\/wp\/v2\/pages\/18#wpcf7-f47-o1\" method=\"post\" class=\"wpcf7-form init\" aria-label=\"Contact form\" novalidate=\"novalidate\" data-status=\"init\">\n<div style=\"display: none;\">\n<input type=\"hidden\" name=\"_wpcf7\" value=\"47\" \/>\n<input type=\"hidden\" name=\"_wpcf7_version\" value=\"5.7.2\" \/>\n<input type=\"hidden\" name=\"_wpcf7_locale\" value=\"en_US\" \/>\n<input type=\"hidden\" name=\"_wpcf7_unit_tag\" value=\"wpcf7-f47-o1\" \/>\n<input type=\"hidden\" name=\"_wpcf7_container_post\" value=\"0\" \/>\n<input type=\"hidden\" name=\"_wpcf7_posted_data_hash\" value=\"\" \/>\n<input type=\"hidden\" name=\"_wpcf7_recaptcha_response\" value=\"\" \/>\n<\/div>\n<p>O seu nome (obrigat\u00f3rio)\n<\/p>\n<p><span class=\"wpcf7-form-control-wrap\" data-name=\"your-name\"><input size=\"40\" class=\"wpcf7-form-control wpcf7-text wpcf7-validates-as-required\" aria-required=\"true\" aria-invalid=\"false\" value=\"\" type=\"text\" name=\"your-name\" \/><\/span>\n<\/p>\n<p>O seu e-mail (obrigat\u00f3rio)\n<\/p>\n<p><span class=\"wpcf7-form-control-wrap\" data-name=\"your-email\"><input size=\"40\" class=\"wpcf7-form-control wpcf7-text wpcf7-email wpcf7-validates-as-required wpcf7-validates-as-email\" aria-required=\"true\" aria-invalid=\"false\" value=\"\" type=\"email\" name=\"your-email\" \/><\/span>\n<\/p>\n<p>Assunto\n<\/p>\n<p><span class=\"wpcf7-form-control-wrap\" data-name=\"your-subject\"><input size=\"40\" class=\"wpcf7-form-control wpcf7-text\" aria-invalid=\"false\" value=\"\" type=\"text\" name=\"your-subject\" \/><\/span>\n<\/p>\n<p>A sua mensagem\n<\/p>\n<p><span class=\"wpcf7-form-control-wrap\" data-name=\"your-message\"><textarea cols=\"40\" rows=\"10\" class=\"wpcf7-form-control wpcf7-textarea\" aria-invalid=\"false\" name=\"your-message\"><\/textarea><\/span>\n<\/p>\n<span class=\"wpcf7-form-control-wrap recaptcha\" data-name=\"recaptcha\"><span data-sitekey=\"6LdmtSMUAAAAAFBc7_hPOzSC7ulRgpwYOo-_2Br5\" class=\"wpcf7-form-control g-recaptcha wpcf7-recaptcha\"><\/span>\r\n<noscript>\r\n\t<div class=\"grecaptcha-noscript\">\r\n\t\t<iframe src=\"https:\/\/www.google.com\/recaptcha\/api\/fallback?k=6LdmtSMUAAAAAFBc7_hPOzSC7ulRgpwYOo-_2Br5\" frameborder=\"0\" scrolling=\"no\" width=\"310\" height=\"430\">\r\n\t\t<\/iframe>\r\n\t\t<textarea name=\"g-recaptcha-response\" rows=\"3\" cols=\"40\" placeholder=\"reCaptcha Response Here\">\r\n\t\t<\/textarea>\r\n\t<\/div>\r\n<\/noscript>\r\n<\/span>\n<p><input class=\"wpcf7-form-control has-spinner wpcf7-submit\" type=\"submit\" value=\"Enviar\" \/>\n<\/p><div class=\"wpcf7-response-output\" aria-hidden=\"true\"><\/div><\/form><\/div>\n","protected":false},"excerpt":{"rendered":"<p>Informa\u00e7\u00f5es para contato: &nbsp; Preencha o formul\u00e1rio abaixo e envie sua mensagem:<\/p>\n","protected":false},"author":3,"featured_media":0,"parent":0,"menu_order":0,"comment_status":"open","ping_status":"open","template":"","meta":{"footnotes":""},"yoast_head":"<!-- This site is optimized with the Yoast SEO plugin v21.1 - https:\/\/yoast.com\/wordpress\/plugins\/seo\/ -->\n<title>Fale Conosco - Complan M\u00f3veis Planejados<\/title>\n<meta name=\"robots\" content=\"index, follow, max-snippet:-1, max-image-preview:large, max-video-preview:-1\" \/>\n<link rel=\"canonical\" href=\"https:\/\/complanmoveis.com.br\/site\/fale-conosco\/\" \/>\n<meta property=\"og:locale\" content=\"pt_BR\" \/>\n<meta property=\"og:type\" content=\"article\" \/>\n<meta property=\"og:title\" content=\"Fale Conosco - Complan M\u00f3veis Planejados\" \/>\n<meta property=\"og:description\" content=\"Informa\u00e7\u00f5es para contato: &nbsp; Preencha o formul\u00e1rio abaixo e envie sua mensagem:\" \/>\n<meta property=\"og:url\" content=\"https:\/\/complanmoveis.com.br\/site\/fale-conosco\/\" \/>\n<meta property=\"og:site_name\" content=\"Complan M\u00f3veis Planejados\" \/>\n<meta property=\"article:modified_time\" content=\"2018-06-04T20:20:20+00:00\" \/>\n<meta name=\"twitter:card\" content=\"summary_large_image\" \/>\n<script type=\"application\/ld+json\" class=\"yoast-schema-graph\">{\"@context\":\"https:\/\/schema.org\",\"@graph\":[{\"@type\":\"WebPage\",\"@id\":\"https:\/\/complanmoveis.com.br\/site\/fale-conosco\/\",\"url\":\"https:\/\/complanmoveis.com.br\/site\/fale-conosco\/\",\"name\":\"Fale Conosco - Complan M\u00f3veis Planejados\",\"isPartOf\":{\"@id\":\"https:\/\/complanmoveis.com.br\/site\/#website\"},\"datePublished\":\"2013-02-12T20:50:47+00:00\",\"dateModified\":\"2018-06-04T20:20:20+00:00\",\"breadcrumb\":{\"@id\":\"https:\/\/complanmoveis.com.br\/site\/fale-conosco\/#breadcrumb\"},\"inLanguage\":\"pt-BR\",\"potentialAction\":[{\"@type\":\"ReadAction\",\"target\":[\"https:\/\/complanmoveis.com.br\/site\/fale-conosco\/\"]}]},{\"@type\":\"BreadcrumbList\",\"@id\":\"https:\/\/complanmoveis.com.br\/site\/fale-conosco\/#breadcrumb\",\"itemListElement\":[{\"@type\":\"ListItem\",\"position\":1,\"name\":\"In\u00edcio\",\"item\":\"https:\/\/complanmoveis.com.br\/site\/\"},{\"@type\":\"ListItem\",\"position\":2,\"name\":\"Fale Conosco\"}]},{\"@type\":\"WebSite\",\"@id\":\"https:\/\/complanmoveis.com.br\/site\/#website\",\"url\":\"https:\/\/complanmoveis.com.br\/site\/\",\"name\":\"Complan M\u00f3veis Planejados - Fabrica\u00e7\u00e3o de M\u00f3veis\",\"description\":\"Fabrica\u00e7\u00e3o de M\u00f3veis\",\"publisher\":{\"@id\":\"https:\/\/complanmoveis.com.br\/site\/#organization\"},\"potentialAction\":[{\"@type\":\"SearchAction\",\"target\":{\"@type\":\"EntryPoint\",\"urlTemplate\":\"https:\/\/complanmoveis.com.br\/site\/?s={search_term_string}\"},\"query-input\":\"required name=search_term_string\"}],\"inLanguage\":\"pt-BR\"},{\"@type\":\"Organization\",\"@id\":\"https:\/\/complanmoveis.com.br\/site\/#organization\",\"name\":\"Complan M\u00f3veis Planejados\",\"url\":\"https:\/\/complanmoveis.com.br\/site\/\",\"logo\":{\"@type\":\"ImageObject\",\"inLanguage\":\"pt-BR\",\"@id\":\"https:\/\/complanmoveis.com.br\/site\/#\/schema\/logo\/image\/\",\"url\":\"https:\/\/complanmoveis.com.br\/site\/wp-content\/uploads\/2013\/02\/logo_complan_site.png\",\"contentUrl\":\"https:\/\/complanmoveis.com.br\/site\/wp-content\/uploads\/2013\/02\/logo_complan_site.png\",\"width\":296,\"height\":119,\"caption\":\"Complan M\u00f3veis Planejados\"},\"image\":{\"@id\":\"https:\/\/complanmoveis.com.br\/site\/#\/schema\/logo\/image\/\"}}]}<\/script>\n<!-- \/ Yoast SEO plugin. -->","yoast_head_json":{"title":"Fale Conosco - Complan M\u00f3veis Planejados","robots":{"index":"index","follow":"follow","max-snippet":"max-snippet:-1","max-image-preview":"max-image-preview:large","max-video-preview":"max-video-preview:-1"},"canonical":"https:\/\/complanmoveis.com.br\/site\/fale-conosco\/","og_locale":"pt_BR","og_type":"article","og_title":"Fale Conosco - Complan M\u00f3veis Planejados","og_description":"Informa\u00e7\u00f5es para contato: &nbsp; Preencha o formul\u00e1rio abaixo e envie sua mensagem:","og_url":"https:\/\/complanmoveis.com.br\/site\/fale-conosco\/","og_site_name":"Complan M\u00f3veis Planejados","article_modified_time":"2018-06-04T20:20:20+00:00","twitter_card":"summary_large_image","schema":{"@context":"https:\/\/schema.org","@graph":[{"@type":"WebPage","@id":"https:\/\/complanmoveis.com.br\/site\/fale-conosco\/","url":"https:\/\/complanmoveis.com.br\/site\/fale-conosco\/","name":"Fale Conosco - Complan M\u00f3veis Planejados","isPartOf":{"@id":"https:\/\/complanmoveis.com.br\/site\/#website"},"datePublished":"2013-02-12T20:50:47+00:00","dateModified":"2018-06-04T20:20:20+00:00","breadcrumb":{"@id":"https:\/\/complanmoveis.com.br\/site\/fale-conosco\/#breadcrumb"},"inLanguage":"pt-BR","potentialAction":[{"@type":"ReadAction","target":["https:\/\/complanmoveis.com.br\/site\/fale-conosco\/"]}]},{"@type":"BreadcrumbList","@id":"https:\/\/complanmoveis.com.br\/site\/fale-conosco\/#breadcrumb","itemListElement":[{"@type":"ListItem","position":1,"name":"In\u00edcio","item":"https:\/\/complanmoveis.com.br\/site\/"},{"@type":"ListItem","position":2,"name":"Fale Conosco"}]},{"@type":"WebSite","@id":"https:\/\/complanmoveis.com.br\/site\/#website","url":"https:\/\/complanmoveis.com.br\/site\/","name":"Complan M\u00f3veis Planejados - Fabrica\u00e7\u00e3o de M\u00f3veis","description":"Fabrica\u00e7\u00e3o de M\u00f3veis","publisher":{"@id":"https:\/\/complanmoveis.com.br\/site\/#organization"},"potentialAction":[{"@type":"SearchAction","target":{"@type":"EntryPoint","urlTemplate":"https:\/\/complanmoveis.com.br\/site\/?s={search_term_string}"},"query-input":"required name=search_term_string"}],"inLanguage":"pt-BR"},{"@type":"Organization","@id":"https:\/\/complanmoveis.com.br\/site\/#organization","name":"Complan M\u00f3veis Planejados","url":"https:\/\/complanmoveis.com.br\/site\/","logo":{"@type":"ImageObject","inLanguage":"pt-BR","@id":"https:\/\/complanmoveis.com.br\/site\/#\/schema\/logo\/image\/","url":"https:\/\/complanmoveis.com.br\/site\/wp-content\/uploads\/2013\/02\/logo_complan_site.png","contentUrl":"https:\/\/complanmoveis.com.br\/site\/wp-content\/uploads\/2013\/02\/logo_complan_site.png","width":296,"height":119,"caption":"Complan M\u00f3veis Planejados"},"image":{"@id":"https:\/\/complanmoveis.com.br\/site\/#\/schema\/logo\/image\/"}}]}},"_links":{"self":[{"href":"https:\/\/complanmoveis.com.br\/site\/wp-json\/wp\/v2\/pages\/18"}],"collection":[{"href":"https:\/\/complanmoveis.com.br\/site\/wp-json\/wp\/v2\/pages"}],"about":[{"href":"https:\/\/complanmoveis.com.br\/site\/wp-json\/wp\/v2\/types\/page"}],"author":[{"embeddable":true,"href":"https:\/\/complanmoveis.com.br\/site\/wp-json\/wp\/v2\/users\/3"}],"replies":[{"embeddable":true,"href":"https:\/\/complanmoveis.com.br\/site\/wp-json\/wp\/v2\/comments?post=18"}],"version-history":[{"count":25,"href":"https:\/\/complanmoveis.com.br\/site\/wp-json\/wp\/v2\/pages\/18\/revisions"}],"predecessor-version":[{"id":694,"href":"https:\/\/complanmoveis.com.br\/site\/wp-json\/wp\/v2\/pages\/18\/revisions\/694"}],"wp:attachment":[{"href":"https:\/\/complanmoveis.com.br\/site\/wp-json\/wp\/v2\/media?parent=18"}],"curies":[{"name":"wp","href":"https:\/\/api.w.org\/{rel}","templated":true}]}}