{"id":40,"date":"2013-02-15T19:43:42","date_gmt":"2013-02-15T22:43:42","guid":{"rendered":"http:\/\/www.complanmoveis.com.br\/site\/?page_id=40"},"modified":"2013-02-16T09:42:45","modified_gmt":"2013-02-16T12:42:45","slug":"trabalhe-conosco","status":"publish","type":"page","link":"https:\/\/complanmoveis.com.br\/site\/trabalhe-conosco\/","title":{"rendered":"Trabalhe Conosco"},"content":{"rendered":"<h2>Envie sua solicita\u00e7\u00e3o diretamente ao setor de Recursos Humanos da COMPLAN M\u00f3veis Planejados.<\/h2>\n<p>Preencha o formul\u00e1rio, anexe seu curr\u00edculo nos tipos doc, docx ou pdf:<\/p>\n<div class=\"wpcf7 no-js\" id=\"wpcf7-f42-o1\" lang=\"en-US\" dir=\"ltr\">\n<div class=\"screen-reader-response\"><p role=\"status\" aria-live=\"polite\" aria-atomic=\"true\"><\/p> <ul><\/ul><\/div>\n<form action=\"\/site\/wp-json\/wp\/v2\/pages\/40#wpcf7-f42-o1\" method=\"post\" class=\"wpcf7-form init\" aria-label=\"Contact form\" enctype=\"multipart\/form-data\" novalidate=\"novalidate\" data-status=\"init\">\n<div style=\"display: none;\">\n<input type=\"hidden\" name=\"_wpcf7\" value=\"42\" \/>\n<input type=\"hidden\" name=\"_wpcf7_version\" value=\"5.7.2\" \/>\n<input type=\"hidden\" name=\"_wpcf7_locale\" value=\"en_US\" \/>\n<input type=\"hidden\" name=\"_wpcf7_unit_tag\" value=\"wpcf7-f42-o1\" \/>\n<input type=\"hidden\" name=\"_wpcf7_container_post\" value=\"0\" \/>\n<input type=\"hidden\" name=\"_wpcf7_posted_data_hash\" value=\"\" \/>\n<input type=\"hidden\" name=\"_wpcf7_recaptcha_response\" value=\"\" \/>\n<\/div>\n<p><b>Nome*:<\/b><span class=\"wpcf7-form-control-wrap\" data-name=\"your-name\"><input size=\"90\" maxlength=\"90\" class=\"wpcf7-form-control wpcf7-text wpcf7-validates-as-required textfield\" aria-required=\"true\" aria-invalid=\"false\" value=\"\" type=\"text\" name=\"your-name\" \/><\/span>\n<\/p>\n<p><b>Email*:<\/b><span class=\"wpcf7-form-control-wrap\" data-name=\"your-email\"><input size=\"90\" maxlength=\"90\" class=\"wpcf7-form-control wpcf7-text wpcf7-email wpcf7-validates-as-required wpcf7-validates-as-email textfield\" aria-required=\"true\" aria-invalid=\"false\" value=\"\" type=\"email\" name=\"your-email\" \/><\/span>\n<\/p>\n<p><b>Telefone*:<\/b><br \/>\n<span class=\"wpcf7-form-control-wrap\" data-name=\"fone\"><input size=\"40\" class=\"wpcf7-form-control wpcf7-text wpcf7-validates-as-required textfield\" aria-required=\"true\" aria-invalid=\"false\" placeholder=\"(00) 0000-0000\" value=\"\" type=\"text\" name=\"fone\" \/><\/span>\n<\/p>\n<p><b>Anexar curriculo (doc, docx ou pdf)*:<\/b><br \/>\n<span class=\"wpcf7-form-control-wrap\" data-name=\"curriculum\"><input size=\"40\" class=\"wpcf7-form-control wpcf7-file wpcf7-validates-as-required\" accept=\".doc,.docx,.pdf\" aria-required=\"true\" aria-invalid=\"false\" type=\"file\" name=\"curriculum\" \/><\/span>\n<\/p>\n<span class=\"wpcf7-form-control-wrap recaptcha\" data-name=\"recaptcha\"><span data-sitekey=\"6LdmtSMUAAAAAFBc7_hPOzSC7ulRgpwYOo-_2Br5\" class=\"wpcf7-form-control g-recaptcha wpcf7-recaptcha\"><\/span>\r\n<noscript>\r\n\t<div class=\"grecaptcha-noscript\">\r\n\t\t<iframe src=\"https:\/\/www.google.com\/recaptcha\/api\/fallback?k=6LdmtSMUAAAAAFBc7_hPOzSC7ulRgpwYOo-_2Br5\" frameborder=\"0\" scrolling=\"no\" width=\"310\" height=\"430\">\r\n\t\t<\/iframe>\r\n\t\t<textarea name=\"g-recaptcha-response\" rows=\"3\" cols=\"40\" placeholder=\"reCaptcha Response Here\">\r\n\t\t<\/textarea>\r\n\t<\/div>\r\n<\/noscript>\r\n<\/span>\n<p><input class=\"wpcf7-form-control has-spinner wpcf7-submit\" type=\"submit\" value=\"Enviar Solicita\u00e7\u00e3o\u00bb\" \/>\n<\/p><div class=\"wpcf7-response-output\" aria-hidden=\"true\"><\/div><\/form><\/div>\n","protected":false},"excerpt":{"rendered":"<p>Envie sua solicita\u00e7\u00e3o diretamente ao setor de Recursos Humanos da COMPLAN M\u00f3veis Planejados. Preencha o formul\u00e1rio, anexe seu curr\u00edculo nos tipos doc, docx ou pdf:<\/p>\n","protected":false},"author":3,"featured_media":0,"parent":0,"menu_order":0,"comment_status":"open","ping_status":"open","template":"","meta":{"footnotes":""},"yoast_head":"<!-- This site is optimized with the Yoast SEO plugin v21.1 - https:\/\/yoast.com\/wordpress\/plugins\/seo\/ -->\n<title>Trabalhe Conosco - Complan M\u00f3veis Planejados<\/title>\n<meta name=\"robots\" content=\"index, follow, max-snippet:-1, max-image-preview:large, max-video-preview:-1\" \/>\n<link rel=\"canonical\" href=\"https:\/\/complanmoveis.com.br\/site\/trabalhe-conosco\/\" \/>\n<meta property=\"og:locale\" content=\"pt_BR\" \/>\n<meta property=\"og:type\" content=\"article\" \/>\n<meta property=\"og:title\" content=\"Trabalhe Conosco - Complan M\u00f3veis Planejados\" \/>\n<meta property=\"og:description\" content=\"Envie sua solicita\u00e7\u00e3o diretamente ao setor de Recursos Humanos da COMPLAN M\u00f3veis Planejados. Preencha o formul\u00e1rio, anexe seu curr\u00edculo nos tipos doc, docx ou pdf:\" \/>\n<meta property=\"og:url\" content=\"https:\/\/complanmoveis.com.br\/site\/trabalhe-conosco\/\" \/>\n<meta property=\"og:site_name\" content=\"Complan M\u00f3veis Planejados\" \/>\n<meta property=\"article:modified_time\" content=\"2013-02-16T12:42:45+00:00\" \/>\n<meta name=\"twitter:card\" content=\"summary_large_image\" \/>\n<script type=\"application\/ld+json\" class=\"yoast-schema-graph\">{\"@context\":\"https:\/\/schema.org\",\"@graph\":[{\"@type\":\"WebPage\",\"@id\":\"https:\/\/complanmoveis.com.br\/site\/trabalhe-conosco\/\",\"url\":\"https:\/\/complanmoveis.com.br\/site\/trabalhe-conosco\/\",\"name\":\"Trabalhe Conosco - Complan M\u00f3veis Planejados\",\"isPartOf\":{\"@id\":\"https:\/\/complanmoveis.com.br\/site\/#website\"},\"datePublished\":\"2013-02-15T22:43:42+00:00\",\"dateModified\":\"2013-02-16T12:42:45+00:00\",\"breadcrumb\":{\"@id\":\"https:\/\/complanmoveis.com.br\/site\/trabalhe-conosco\/#breadcrumb\"},\"inLanguage\":\"pt-BR\",\"potentialAction\":[{\"@type\":\"ReadAction\",\"target\":[\"https:\/\/complanmoveis.com.br\/site\/trabalhe-conosco\/\"]}]},{\"@type\":\"BreadcrumbList\",\"@id\":\"https:\/\/complanmoveis.com.br\/site\/trabalhe-conosco\/#breadcrumb\",\"itemListElement\":[{\"@type\":\"ListItem\",\"position\":1,\"name\":\"In\u00edcio\",\"item\":\"https:\/\/complanmoveis.com.br\/site\/\"},{\"@type\":\"ListItem\",\"position\":2,\"name\":\"Trabalhe Conosco\"}]},{\"@type\":\"WebSite\",\"@id\":\"https:\/\/complanmoveis.com.br\/site\/#website\",\"url\":\"https:\/\/complanmoveis.com.br\/site\/\",\"name\":\"Complan M\u00f3veis Planejados - Fabrica\u00e7\u00e3o de M\u00f3veis\",\"description\":\"Fabrica\u00e7\u00e3o de M\u00f3veis\",\"publisher\":{\"@id\":\"https:\/\/complanmoveis.com.br\/site\/#organization\"},\"potentialAction\":[{\"@type\":\"SearchAction\",\"target\":{\"@type\":\"EntryPoint\",\"urlTemplate\":\"https:\/\/complanmoveis.com.br\/site\/?s={search_term_string}\"},\"query-input\":\"required name=search_term_string\"}],\"inLanguage\":\"pt-BR\"},{\"@type\":\"Organization\",\"@id\":\"https:\/\/complanmoveis.com.br\/site\/#organization\",\"name\":\"Complan M\u00f3veis Planejados\",\"url\":\"https:\/\/complanmoveis.com.br\/site\/\",\"logo\":{\"@type\":\"ImageObject\",\"inLanguage\":\"pt-BR\",\"@id\":\"https:\/\/complanmoveis.com.br\/site\/#\/schema\/logo\/image\/\",\"url\":\"https:\/\/complanmoveis.com.br\/site\/wp-content\/uploads\/2013\/02\/logo_complan_site.png\",\"contentUrl\":\"https:\/\/complanmoveis.com.br\/site\/wp-content\/uploads\/2013\/02\/logo_complan_site.png\",\"width\":296,\"height\":119,\"caption\":\"Complan M\u00f3veis Planejados\"},\"image\":{\"@id\":\"https:\/\/complanmoveis.com.br\/site\/#\/schema\/logo\/image\/\"}}]}<\/script>\n<!-- \/ Yoast SEO plugin. -->","yoast_head_json":{"title":"Trabalhe Conosco - Complan M\u00f3veis Planejados","robots":{"index":"index","follow":"follow","max-snippet":"max-snippet:-1","max-image-preview":"max-image-preview:large","max-video-preview":"max-video-preview:-1"},"canonical":"https:\/\/complanmoveis.com.br\/site\/trabalhe-conosco\/","og_locale":"pt_BR","og_type":"article","og_title":"Trabalhe Conosco - Complan M\u00f3veis Planejados","og_description":"Envie sua solicita\u00e7\u00e3o diretamente ao setor de Recursos Humanos da COMPLAN M\u00f3veis Planejados. Preencha o formul\u00e1rio, anexe seu curr\u00edculo nos tipos doc, docx ou pdf:","og_url":"https:\/\/complanmoveis.com.br\/site\/trabalhe-conosco\/","og_site_name":"Complan M\u00f3veis Planejados","article_modified_time":"2013-02-16T12:42:45+00:00","twitter_card":"summary_large_image","schema":{"@context":"https:\/\/schema.org","@graph":[{"@type":"WebPage","@id":"https:\/\/complanmoveis.com.br\/site\/trabalhe-conosco\/","url":"https:\/\/complanmoveis.com.br\/site\/trabalhe-conosco\/","name":"Trabalhe Conosco - Complan M\u00f3veis Planejados","isPartOf":{"@id":"https:\/\/complanmoveis.com.br\/site\/#website"},"datePublished":"2013-02-15T22:43:42+00:00","dateModified":"2013-02-16T12:42:45+00:00","breadcrumb":{"@id":"https:\/\/complanmoveis.com.br\/site\/trabalhe-conosco\/#breadcrumb"},"inLanguage":"pt-BR","potentialAction":[{"@type":"ReadAction","target":["https:\/\/complanmoveis.com.br\/site\/trabalhe-conosco\/"]}]},{"@type":"BreadcrumbList","@id":"https:\/\/complanmoveis.com.br\/site\/trabalhe-conosco\/#breadcrumb","itemListElement":[{"@type":"ListItem","position":1,"name":"In\u00edcio","item":"https:\/\/complanmoveis.com.br\/site\/"},{"@type":"ListItem","position":2,"name":"Trabalhe Conosco"}]},{"@type":"WebSite","@id":"https:\/\/complanmoveis.com.br\/site\/#website","url":"https:\/\/complanmoveis.com.br\/site\/","name":"Complan M\u00f3veis Planejados - Fabrica\u00e7\u00e3o de M\u00f3veis","description":"Fabrica\u00e7\u00e3o de M\u00f3veis","publisher":{"@id":"https:\/\/complanmoveis.com.br\/site\/#organization"},"potentialAction":[{"@type":"SearchAction","target":{"@type":"EntryPoint","urlTemplate":"https:\/\/complanmoveis.com.br\/site\/?s={search_term_string}"},"query-input":"required name=search_term_string"}],"inLanguage":"pt-BR"},{"@type":"Organization","@id":"https:\/\/complanmoveis.com.br\/site\/#organization","name":"Complan M\u00f3veis Planejados","url":"https:\/\/complanmoveis.com.br\/site\/","logo":{"@type":"ImageObject","inLanguage":"pt-BR","@id":"https:\/\/complanmoveis.com.br\/site\/#\/schema\/logo\/image\/","url":"https:\/\/complanmoveis.com.br\/site\/wp-content\/uploads\/2013\/02\/logo_complan_site.png","contentUrl":"https:\/\/complanmoveis.com.br\/site\/wp-content\/uploads\/2013\/02\/logo_complan_site.png","width":296,"height":119,"caption":"Complan M\u00f3veis Planejados"},"image":{"@id":"https:\/\/complanmoveis.com.br\/site\/#\/schema\/logo\/image\/"}}]}},"_links":{"self":[{"href":"https:\/\/complanmoveis.com.br\/site\/wp-json\/wp\/v2\/pages\/40"}],"collection":[{"href":"https:\/\/complanmoveis.com.br\/site\/wp-json\/wp\/v2\/pages"}],"about":[{"href":"https:\/\/complanmoveis.com.br\/site\/wp-json\/wp\/v2\/types\/page"}],"author":[{"embeddable":true,"href":"https:\/\/complanmoveis.com.br\/site\/wp-json\/wp\/v2\/users\/3"}],"replies":[{"embeddable":true,"href":"https:\/\/complanmoveis.com.br\/site\/wp-json\/wp\/v2\/comments?post=40"}],"version-history":[{"count":5,"href":"https:\/\/complanmoveis.com.br\/site\/wp-json\/wp\/v2\/pages\/40\/revisions"}],"predecessor-version":[{"id":112,"href":"https:\/\/complanmoveis.com.br\/site\/wp-json\/wp\/v2\/pages\/40\/revisions\/112"}],"wp:attachment":[{"href":"https:\/\/complanmoveis.com.br\/site\/wp-json\/wp\/v2\/media?parent=40"}],"curies":[{"name":"wp","href":"https:\/\/api.w.org\/{rel}","templated":true}]}}